{"id":88,"date":"2019-07-05T12:40:07","date_gmt":"2019-07-05T10:40:07","guid":{"rendered":"https:\/\/maj68.zrc-sazu.si\/?page_id=88"},"modified":"2021-09-21T20:55:52","modified_gmt":"2021-09-21T18:55:52","slug":"exhibition","status":"publish","type":"page","link":"https:\/\/maj68.zrc-sazu.si\/en\/exhibition\/","title":{"rendered":"Exhibition"},"content":{"rendered":"\n<h2 class=\"wp-block-heading\"><em>The Last Season of Modernism: May \u201968 in Literature and Theory<\/em><\/h2>\n\n\n\n<p>Thematic exhibition on the occasion of the conference \u201cFrom May 1968 to November 1989: Transformations of the World, Literature and Theory\u201d<\/p>\n\n\n\n<p><strong>7 to 30 November 2019, Atrium ZRC <\/strong><\/p>\n\n\n\n<p>Authors: Marijan Dovi\u0107, Andra\u017e Je\u017e, Marko Juvan, Alenka Koron<\/p>\n\n\n\n<p>Translation into English: Mojca \u0160orli<\/p>\n\n\n\n<p>Design: Bo\u0161tjan Pavleti\u010d, Rostfrei<\/p>\n\n\n\n<p>Inaugurated by the <a href=\"https:\/\/isllv.zrc-sazu.si\/en\/predstavitev#v\">Institute of Slovenian Literature and Literary Studies ZRC SAZU<\/a> in cooperation with the National and University Library, Slavic Library, Museum of Modern Art, National Museum of Contemporary History and the Slovenian Theatre Institute in Ljubljana. <\/p>\n\n\n\n<p><strong>Opening:<\/strong> 7 November 2019 at 11 a.m.<\/p>\n\n\n\n<figure class=\"wp-block-image is-resized\"><img loading=\"lazy\" decoding=\"async\" src=\"https:\/\/maj68.zrc-sazu.si\/wp-content\/uploads\/2019\/10\/Problemi_1968-067-068_Katalog-1-1.jpg\" alt=\"\" class=\"wp-image-598\" width=\"350\" height=\"506\"\/><figcaption><em>Problemi &#8211; Katalog<\/em>, 1968<\/figcaption><\/figure>\n\n\n\n<h2 class=\"wp-block-heading\">Summary<\/h2>\n\n\n\n<p>The exhibition entitled \u201cThe Last Season of Modernism: May \u201968 in Literature and Theory\u201d is a result of the research project on May 1968 as an accompanying event to the international Conference \u201cMay 1968 to November 1989: Transformations of the World, Literature and Theory.\u201d First, the turbulent events having taken place in the Slovenian society, humanities and arts are briefly outlined on the backdrop of the global context of 1968 (France, Germany, Czechoslovakia, Yugoslavia, USA, etc.), then the focus is on the Slovenian territory. The exhibition presents in more detail the context of the student movement and its most prominent magazines, especially <em>Tribuna<\/em> and <em>Problemi<\/em>, which took centre stage in the events in two ways: on the one hand, as a medium through which new, radical political and artistic ideas found their way into the Slovenian cultural space, and, on the other, as a platform indispensable for the publication of theoretical and artistic products of the young generation of Slovenian authors.<br> The central part of the exhibition focuses on Slovenian neo-avant-garde art, which in the period 1965-1975 experienced a tremendous boom culminating in numerous multimedia and conceptual projects of the OHO Group; the legacy of this art is documented, in particular, in innovatively designed publications (<em>EVA, OHO, KATALOG, katalog 2, pericare\u017eeracirep<\/em>) and individual books (OHO co-productions, the Znamenja collection). Particular attention is given to the literature which was marked in this period by the currents of reism, ludism and concretism. The exhibition presents the Slovenian neo-avant-garde, especially the literary neo-avant-garde, as an overwhelmingly comprehensive, diverse, artistically significant and broadly interesting artistic and social phenomenon.<\/p>\n\n\n\n<h4 class=\"wp-block-heading\"><strong><a href=\"https:\/\/maj68.zrc-sazu.si\/wp-content\/uploads\/2019\/10\/6889-TLSLT-Zlozenka-ANG-T2.pdf\">Exhibition guide (leaflet)<\/a><\/strong> &#8211; click to get the PDF<\/h4>\n\n\n\n<p>See online presentation on the Slovenian page &#8211; click <a href=\"https:\/\/maj68.zrc-sazu.si\/razstava\/\">here<\/a><\/p>\n\n\n\n<p><\/p>\n","protected":false},"excerpt":{"rendered":"<p>The Last Season of Modernism: May \u201968 in Literature and Theory Thematic exhibition on the occasion of the conference \u201cFrom May 1968 to November 1989: Transformations of the World, Literature and Theory\u201d 7 to 30 November 2019, Atrium ZRC Authors: &hellip; <a href=\"https:\/\/maj68.zrc-sazu.si\/en\/exhibition\/\">Continue reading <span class=\"meta-nav\">&rarr;<\/span><\/a><\/p>\n","protected":false},"author":1,"featured_media":0,"parent":0,"menu_order":0,"comment_status":"closed","ping_status":"closed","template":"","meta":{"footnotes":""},"class_list":["post-88","page","type-page","status-publish","hentry"],"_links":{"self":[{"href":"https:\/\/maj68.zrc-sazu.si\/en\/wp-json\/wp\/v2\/pages\/88","targetHints":{"allow":["GET"]}}],"collection":[{"href":"https:\/\/maj68.zrc-sazu.si\/en\/wp-json\/wp\/v2\/pages"}],"about":[{"href":"https:\/\/maj68.zrc-sazu.si\/en\/wp-json\/wp\/v2\/types\/page"}],"author":[{"embeddable":true,"href":"https:\/\/maj68.zrc-sazu.si\/en\/wp-json\/wp\/v2\/users\/1"}],"replies":[{"embeddable":true,"href":"https:\/\/maj68.zrc-sazu.si\/en\/wp-json\/wp\/v2\/comments?post=88"}],"version-history":[{"count":16,"href":"https:\/\/maj68.zrc-sazu.si\/en\/wp-json\/wp\/v2\/pages\/88\/revisions"}],"predecessor-version":[{"id":1219,"href":"https:\/\/maj68.zrc-sazu.si\/en\/wp-json\/wp\/v2\/pages\/88\/revisions\/1219"}],"wp:attachment":[{"href":"https:\/\/maj68.zrc-sazu.si\/en\/wp-json\/wp\/v2\/media?parent=88"}],"curies":[{"name":"wp","href":"https:\/\/api.w.org\/{rel}","templated":true}]}}